{"id":7,"date":"2024-09-03T18:13:13","date_gmt":"2024-09-03T16:13:13","guid":{"rendered":"https:\/\/www.carlosescario.com\/\/?page_id=7"},"modified":"2024-10-17T11:46:57","modified_gmt":"2024-10-17T09:46:57","slug":"home","status":"publish","type":"page","link":"https:\/\/www.carlosescario.com\/es\/","title":{"rendered":"Home"},"content":{"rendered":"\n<p>Cada vez que Carlos Escario sube a un escenario, trae consigo su amplia trayectoria como directivo global. Cuando dirige procesos de transformaci\u00f3n y crecimiento con altos directivos les habla desde la experiencia real, de metodolog\u00edas probadas en modelos de negocio que \u00e9l mismo ha liderado en \u201cfuego real\u201d.<\/p>\n\n\n\n<p><strong>\u00bfQu\u00e9 es lo Real?<\/strong> Lo que trasciende la teor\u00eda para generar una transformaci\u00f3n aut\u00e9ntica.<\/p>\n","protected":false},"excerpt":{"rendered":"<p>Cada vez que Carlos Escario sube a un escenario, trae [&hellip;]<\/p>\n","protected":false},"author":1,"featured_media":0,"parent":0,"menu_order":1,"comment_status":"closed","ping_status":"closed","template":"templates\/home.php","meta":{"_acf_changed":false,"footnotes":""},"class_list":["post-7","page","type-page","status-publish","hentry"],"acf":[],"yoast_head":"<!-- This site is optimized with the Yoast SEO plugin v23.6 - https:\/\/yoast.com\/wordpress\/plugins\/seo\/ -->\n<title>Home - Carlos Escario<\/title>\n<meta name=\"description\" content=\"Carlos Escario. Consultor, mentor y speaker internacional. Experto en crecimiento y transformaci\u00f3n de equipos, de altos directivos y empresas globales.\" \/>\n<meta name=\"robots\" content=\"index, follow, max-snippet:-1, max-image-preview:large, max-video-preview:-1\" \/>\n<link rel=\"canonical\" href=\"https:\/\/www.carlosescario.com\/es\/\" \/>\n<meta property=\"og:locale\" content=\"es_ES\" \/>\n<meta property=\"og:type\" content=\"article\" \/>\n<meta property=\"og:title\" content=\"Home - Carlos Escario\" \/>\n<meta property=\"og:description\" content=\"Carlos Escario. Consultor, mentor y speaker internacional. Experto en crecimiento y transformaci\u00f3n de equipos, de altos directivos y empresas globales.\" \/>\n<meta property=\"og:url\" content=\"https:\/\/www.carlosescario.com\/es\/\" \/>\n<meta property=\"og:site_name\" content=\"Carlos Escario\" \/>\n<meta name=\"twitter:card\" content=\"summary_large_image\" \/>\n<meta name=\"twitter:label1\" content=\"Tiempo de lectura\" \/>\n\t<meta name=\"twitter:data1\" content=\"1 minuto\" \/>\n<script type=\"application\/ld+json\" class=\"yoast-schema-graph\">{\"@context\":\"https:\/\/schema.org\",\"@graph\":[{\"@type\":\"WebPage\",\"@id\":\"https:\/\/www.carlosescario.com\/es\/\",\"url\":\"https:\/\/www.carlosescario.com\/es\/\",\"name\":\"Home - Carlos Escario\",\"isPartOf\":{\"@id\":\"https:\/\/www.carlosescario.com\/es\/#website\"},\"description\":\"Carlos Escario. Consultor, mentor y speaker internacional. Experto en crecimiento y transformaci\u00f3n de equipos, de altos directivos y empresas globales.\",\"inLanguage\":\"es\",\"potentialAction\":[{\"@type\":\"ReadAction\",\"target\":[\"https:\/\/www.carlosescario.com\/es\/\"]}]},{\"@type\":\"WebSite\",\"@id\":\"https:\/\/www.carlosescario.com\/es\/#website\",\"url\":\"https:\/\/www.carlosescario.com\/es\/\",\"name\":\"Carlos Escario\",\"description\":\"Real business\",\"publisher\":{\"@id\":\"https:\/\/www.carlosescario.com\/es\/#organization\"},\"potentialAction\":[{\"@type\":\"SearchAction\",\"target\":{\"@type\":\"EntryPoint\",\"urlTemplate\":\"https:\/\/www.carlosescario.com\/es\/?s={search_term_string}\"},\"query-input\":{\"@type\":\"PropertyValueSpecification\",\"valueRequired\":true,\"valueName\":\"search_term_string\"}}],\"inLanguage\":\"es\"},{\"@type\":\"Organization\",\"@id\":\"https:\/\/www.carlosescario.com\/es\/#organization\",\"name\":\"Carlos Escario\",\"url\":\"https:\/\/www.carlosescario.com\/es\/\",\"logo\":{\"@type\":\"ImageObject\",\"inLanguage\":\"es\",\"@id\":\"https:\/\/www.carlosescario.com\/es\/#\/schema\/logo\/image\/\",\"url\":\"https:\/\/www.carlosescario.com\/wp-content\/uploads\/2024\/10\/carlos-escario-noticia.jpg\",\"contentUrl\":\"https:\/\/www.carlosescario.com\/wp-content\/uploads\/2024\/10\/carlos-escario-noticia.jpg\",\"width\":730,\"height\":485,\"caption\":\"Carlos Escario\"},\"image\":{\"@id\":\"https:\/\/www.carlosescario.com\/es\/#\/schema\/logo\/image\/\"},\"sameAs\":[\"https:\/\/www.linkedin.com\/in\/carlosescario\/\",\"https:\/\/www.instagram.com\/carlosescario\/\"]}]}<\/script>\n<!-- \/ Yoast SEO plugin. -->","yoast_head_json":{"title":"Home - Carlos Escario","description":"Carlos Escario. Consultor, mentor y speaker internacional. Experto en crecimiento y transformaci\u00f3n de equipos, de altos directivos y empresas globales.","robots":{"index":"index","follow":"follow","max-snippet":"max-snippet:-1","max-image-preview":"max-image-preview:large","max-video-preview":"max-video-preview:-1"},"canonical":"https:\/\/www.carlosescario.com\/es\/","og_locale":"es_ES","og_type":"article","og_title":"Home - Carlos Escario","og_description":"Carlos Escario. Consultor, mentor y speaker internacional. Experto en crecimiento y transformaci\u00f3n de equipos, de altos directivos y empresas globales.","og_url":"https:\/\/www.carlosescario.com\/es\/","og_site_name":"Carlos Escario","twitter_card":"summary_large_image","twitter_misc":{"Tiempo de lectura":"1 minuto"},"schema":{"@context":"https:\/\/schema.org","@graph":[{"@type":"WebPage","@id":"https:\/\/www.carlosescario.com\/es\/","url":"https:\/\/www.carlosescario.com\/es\/","name":"Home - Carlos Escario","isPartOf":{"@id":"https:\/\/www.carlosescario.com\/es\/#website"},"description":"Carlos Escario. Consultor, mentor y speaker internacional. Experto en crecimiento y transformaci\u00f3n de equipos, de altos directivos y empresas globales.","inLanguage":"es","potentialAction":[{"@type":"ReadAction","target":["https:\/\/www.carlosescario.com\/es\/"]}]},{"@type":"WebSite","@id":"https:\/\/www.carlosescario.com\/es\/#website","url":"https:\/\/www.carlosescario.com\/es\/","name":"Carlos Escario","description":"Real business","publisher":{"@id":"https:\/\/www.carlosescario.com\/es\/#organization"},"potentialAction":[{"@type":"SearchAction","target":{"@type":"EntryPoint","urlTemplate":"https:\/\/www.carlosescario.com\/es\/?s={search_term_string}"},"query-input":{"@type":"PropertyValueSpecification","valueRequired":true,"valueName":"search_term_string"}}],"inLanguage":"es"},{"@type":"Organization","@id":"https:\/\/www.carlosescario.com\/es\/#organization","name":"Carlos Escario","url":"https:\/\/www.carlosescario.com\/es\/","logo":{"@type":"ImageObject","inLanguage":"es","@id":"https:\/\/www.carlosescario.com\/es\/#\/schema\/logo\/image\/","url":"https:\/\/www.carlosescario.com\/wp-content\/uploads\/2024\/10\/carlos-escario-noticia.jpg","contentUrl":"https:\/\/www.carlosescario.com\/wp-content\/uploads\/2024\/10\/carlos-escario-noticia.jpg","width":730,"height":485,"caption":"Carlos Escario"},"image":{"@id":"https:\/\/www.carlosescario.com\/es\/#\/schema\/logo\/image\/"},"sameAs":["https:\/\/www.linkedin.com\/in\/carlosescario\/","https:\/\/www.instagram.com\/carlosescario\/"]}]}},"_links":{"self":[{"href":"https:\/\/www.carlosescario.com\/es\/wp-json\/wp\/v2\/pages\/7","targetHints":{"allow":["GET"]}}],"collection":[{"href":"https:\/\/www.carlosescario.com\/es\/wp-json\/wp\/v2\/pages"}],"about":[{"href":"https:\/\/www.carlosescario.com\/es\/wp-json\/wp\/v2\/types\/page"}],"author":[{"embeddable":true,"href":"https:\/\/www.carlosescario.com\/es\/wp-json\/wp\/v2\/users\/1"}],"replies":[{"embeddable":true,"href":"https:\/\/www.carlosescario.com\/es\/wp-json\/wp\/v2\/comments?post=7"}],"version-history":[{"count":27,"href":"https:\/\/www.carlosescario.com\/es\/wp-json\/wp\/v2\/pages\/7\/revisions"}],"predecessor-version":[{"id":601,"href":"https:\/\/www.carlosescario.com\/es\/wp-json\/wp\/v2\/pages\/7\/revisions\/601"}],"wp:attachment":[{"href":"https:\/\/www.carlosescario.com\/es\/wp-json\/wp\/v2\/media?parent=7"}],"curies":[{"name":"wp","href":"https:\/\/api.w.org\/{rel}","templated":true}]}}