{"id":3,"date":"2024-09-03T18:10:41","date_gmt":"2024-09-03T16:10:41","guid":{"rendered":"https:\/\/www.carlosescario.com\/\/?page_id=3"},"modified":"2024-10-14T11:12:44","modified_gmt":"2024-10-14T09:12:44","slug":"politica-privacidad","status":"publish","type":"page","link":"https:\/\/www.carlosescario.com\/es\/politica-privacidad\/","title":{"rendered":"Pol\u00edtica de privacidad"},"content":{"rendered":"\n<p>CARLOS ESCARIO, conforme a la Ley Org\u00e1nica 3\/2018, de 5 de diciembre, de Protecci\u00f3n de Datos Personales y Garant\u00eda de Derechos Digitales (LOPDGDD) y del Reglamento Europeo 2016\/679, de 27 de abril relativo a la protecci\u00f3n de las personas f\u00edsicas en lo que respecta al tratamiento de datos personales y a la libre circulaci\u00f3n de estos datos (RGPD), pone en conocimiento de los usuarios de la p\u00e1gina web carlos@carlosescario.com. (en adelante, la p\u00e1gina web), la Pol\u00edtica de Privacidad y Protecci\u00f3n de Datos que aplicar\u00e1 en el tratamiento de los datos personales que el Usuario facilite voluntariamente al acceder a su web o a la correspondiente aplicaci\u00f3n m\u00f3vil.<\/p>\n\n\n\n<p>El Usuario, al proporcionar a CARLOS ESCARIO sus datos de car\u00e1cter personal a trav\u00e9s de los formularios electr\u00f3nicos de la Web y en su caso, a trav\u00e9s de la marcaci\u00f3n de la correspondiente casilla de aceptaci\u00f3n, consiente expresamente que CARLOS ESCARIO pueda tratar esos datos en los t\u00e9rminos de esta cl\u00e1usula de Pol\u00edtica de Privacidad y Protecci\u00f3n de Datos y para los fines aqu\u00ed expresados.<\/p>\n\n\n\n<p>CARLOS ESCARIO pone en conocimiento de los usuarios de la P\u00e1gina web, que sus datos de car\u00e1cter personal s\u00f3lo podr\u00e1n obtenerse para su tratamiento cuando sean adecuados, pertinentes y no excesivos en relaci\u00f3n con el \u00e1mbito y las finalidades determinadas, expl\u00edcitas y leg\u00edtimas para las que se hayan obtenido. Ser\u00e1n cancelados cuando hayan dejado de ser necesarios o pertinentes para dicha finalidad o cuando lo solicite el titular en el ejercicio de su derecho de cancelaci\u00f3n, siempre que no est\u00e9n sujetos a cumplimientos de plazos legales de conservaci\u00f3n.<\/p>\n\n\n\n<p>CARLOS ESCARIO manifiesta su compromiso de cumplir con la legislaci\u00f3n vigente en cada momento en materia de protecci\u00f3n de datos.<\/p>\n\n\n\n<p>Los datos personales facilitados ser\u00e1n tratados por CARLOS ESCARIO y se utilizar\u00e1n de acuerdo con la siguiente informaci\u00f3n.<\/p>\n\n\n\n<h2 class=\"wp-block-heading\">\u00bfQu\u00e9 datos de car\u00e1cter personal recabamos a trav\u00e9s de la p\u00e1gina web?<\/h2>\n\n\n\n<p>Podemos recabar o recibir sus datos a trav\u00e9s de su visita a la P\u00e1gina web o derivada de su interacci\u00f3n con nosotros mediante la cumplimentaci\u00f3n de formularios y cuestionarios ubicados en las diferentes secciones de la p\u00e1gina web con la finalidad de enviarnos sus solicitudes de informaci\u00f3n, peticiones, registrar su alta, tramitar su curr\u00edculo, etc.<\/p>\n\n\n\n<p>En algunos casos, los datos de car\u00e1cter personal son facilitados directamente por el usuario al suscribirse a nuestra Newsletter o bolet\u00edn de noticias, cuando contacta con nosotros a trav\u00e9s de los canales habilitados, responde a encuestas, se suscribe a nuestros perfiles de redes sociales o interact\u00faa con nosotros a trav\u00e9s de dichos perfiles mediante comentarios, opiniones o compartiendo los contenidos publicados en cada perfil.<\/p>\n\n\n\n<p>En otros casos, los datos de car\u00e1cter personal se obtienen de manera indirecta del usuario con finalidades meramente estad\u00edsticas para poder analizar el uso que realiza de nuestra P\u00e1gina web mediante el uso de o facilitarle servicios de valor a\u00f1adido como el mapa de ubicaci\u00f3n de nuestras oficinas.<\/p>\n\n\n\n<p>A continuaci\u00f3n encontrar\u00e1 informaci\u00f3n m\u00e1s detallada sobre el tratamiento de sus datos de car\u00e1cter personal, incluy\u00e9ndose los siguientes ep\u00edgrafes:<\/p>\n\n\n\n<ul class=\"wp-block-list\">\n<li>Legitimaci\u00f3n: El consentimiento de los clientes mediante el marcado de la casilla de verificaci\u00f3n y el bot\u00f3n de enviar.<\/li>\n\n\n\n<li>Plazos de conservaci\u00f3n: Los datos personales se conservar\u00e1n por el tiempo exclusivo para dar cumplimiento a la finalidad para la que fueron recabadas y mientras no prescriban los derechos que pueda ejercitar contra el responsable, salvo norma que disponga un plazo superior<\/li>\n\n\n\n<li>Destinatarios: los clientes o personas de contacto a trav\u00e9s de la web.<\/li>\n\n\n\n<li>Derechos de los interesados: Los interesados podr\u00e1n ejercer los derechos de acceso, rectificaci\u00f3n, cancelaci\u00f3n, supresi\u00f3n, oposici\u00f3n, limitaci\u00f3n y portabilidad de sus datos, dirigi\u00e9ndose por escrito a Gerifalte 8, 28232 Las Rozas, Madrid (Espa\u00f1a) o al correo electr\u00f3nico carlos@carlosescario.com. As\u00ed mismo, tiene la posibilidad de presentar reclamaci\u00f3n ante la Agencia Espa\u00f1ola de Protecci\u00f3n de Datos (AEPD) a trav\u00e9s de su web aepd.es.<\/li>\n<\/ul>\n\n\n\n<h2 class=\"wp-block-heading\">Finalidades principales<\/h2>\n\n\n\n<ul class=\"wp-block-list\">\n<li>Administraci\u00f3n y gesti\u00f3n de los usuarios de la P\u00e1gina web.<\/li>\n\n\n\n<li>Gesti\u00f3n de las suscripciones a noticias y boletines de noticias.<\/li>\n\n\n\n<li>Atender la solicitud de informaci\u00f3n demandada a trav\u00e9s de los medios puestos a disposici\u00f3n de los usuarios.<\/li>\n\n\n\n<li>Tramitaci\u00f3n de las reclamaciones, quejas y sugerencias<\/li>\n\n\n\n<li>Mantener el login de usuario registrado, proporcionar estad\u00edsticas asociadas al uso de la P\u00e1gina web, ubicaci\u00f3n de nuestras oficinas y sistemas antispam (captcha).<\/li>\n\n\n\n<li>Env\u00edo de comunicaciones o informaci\u00f3n expresamente solicitadas.<\/li>\n\n\n\n<li>Realizaci\u00f3n de encuestas de satisfacci\u00f3n de los servicios recibidos para una correcta gesti\u00f3n de los procesos de calidad y mejora de los mismos.<\/li>\n\n\n\n<li>Uso con fines estad\u00edsticos a efectos de analizar el comportamiento y las tendencias de los Usuarios y analizar c\u00f3mo mejorar los servicios que prestamos a los Usuarios.<\/li>\n\n\n\n<li>Detectar e investigar fraudes, as\u00ed como otras actividades ilegales y quebrantamientos potenciales de nuestras Pol\u00edticas de Privacidad, Aviso Legal y\/o Condiciones de Uso.<\/li>\n<\/ul>\n\n\n\n<p>En caso de no facilitar los datos necesarios para estas finalidades no se le podr\u00e1n prestar nuestros servicios.<\/p>\n\n\n\n<h2 class=\"wp-block-heading\">Legitimaci\u00f3n y conservaci\u00f3n<\/h2>\n\n\n\n<ul class=\"wp-block-list\">\n<li>La base jur\u00eddica para el tratamiento de los datos se corresponde con el consentimiento prestado por el Usuario al cumplimentar los datos y la marcaci\u00f3n de las casillas de aceptaci\u00f3n correspondientes, as\u00ed como el env\u00edo de los diferentes formularios, solicitudes, cuestionarios de los diferentes servicios y alta y registro.<\/li>\n\n\n\n<li>En virtud legal para el cumplimiento de obligaciones normativas aplicables a cada caso, entre otras, normativa en materia de consumo, Ley de Sociedad de Servicios de la Informaci\u00f3n y normativa aplicable en materia de protecci\u00f3n de datos de car\u00e1cter personal aqu\u00ed informada.<\/li>\n\n\n\n<li>Para el mantenimiento de las relaciones establecidas entre usuarios, clientes y proveedores de CARLOS ESCARIO.<\/li>\n\n\n\n<li>Inter\u00e9s leg\u00edtimo para la defensa de CARLOS ESCARIO ante posibles acciones legales.<\/li>\n\n\n\n<li>La base jur\u00eddica para el tratamiento de los datos se corresponde con el consentimiento prestado por el Usuario al cumplimentar los datos y la marcaci\u00f3n de las casillas de aceptaci\u00f3n correspondientes, as\u00ed como el env\u00edo de los diferentes formularios, solicitudes, cuestionarios de los diferentes servicios y alta y registro.<\/li>\n\n\n\n<li>En virtud legal para el cumplimiento de obligaciones normativas aplicables a cada caso, entre otras, Ley de Sociedad de Servicios de la Informaci\u00f3n y normativa aplicable en materia de protecci\u00f3n de datos de car\u00e1cter personal aqu\u00ed informada.<\/li>\n\n\n\n<li>Para el mantenimiento de las relaciones establecidas entre usuarios, clientes y proveedores de CARLOS ESCARIO.<\/li>\n\n\n\n<li>Inter\u00e9s leg\u00edtimo para la defensa de CARLOS ESCARIO ante posibles acciones legales.<\/li>\n\n\n\n<li>Los campos de los formularios marcados con un asterisco (*) incluidos en la P\u00e1gina web tienen la consideraci\u00f3n de campos obligatorios para poder atender su solicitud o la valoraci\u00f3n de la informaci\u00f3n que nos desee facilitar.<\/li>\n\n\n\n<li>Los plazos de conservaci\u00f3n son:\n<ul class=\"wp-block-list\">\n<li>Los datos se conservar\u00e1n en virtud del cumplimiento de plazos legales seg\u00fan normativa mercantil, sectorial y en cualquier caso en cumplimiento de plazos legales de prescripci\u00f3n de posibles acciones legales.<\/li>\n\n\n\n<li>Los datos de contacto se conservar\u00e1n mientras se mantenga la relaci\u00f3n y no se solicite su supresi\u00f3n.<\/li>\n\n\n\n<li>Los datos asociados a su interacci\u00f3n en los perfiles corporativos de redes sociales se conservar\u00e1n durante el plazo que usted habilite en dicha red social a sus publicaciones.<\/li>\n\n\n\n<li>Los datos de conservaci\u00f3n para finalidades comerciales se conservar\u00e1n de forma indefinida mientras no se solicite su supresi\u00f3n.<\/li>\n\n\n\n<li>Los datos en relaci\u00f3n con la entrega de curr\u00edculos y participaci\u00f3n en la bolsa de trabajo se conservar\u00e1n 2 a\u00f1os.<\/li>\n<\/ul>\n<\/li>\n<\/ul>\n\n\n\n<p>En todo caso, los datos se conservar\u00e1n durante plazos legales de prescripci\u00f3n de posibles acciones legales.<\/p>\n\n\n\n<h2 class=\"wp-block-heading\">Destinatarios de cesiones y transferencias internacionales<\/h2>\n\n\n\n<p>Est\u00e1n previstas las siguientes cesiones de datos:<\/p>\n\n\n\n<ul class=\"wp-block-list\">\n<li>A Organismos de la Administraci\u00f3n P\u00fablica con competencia en materia de comunicaciones y prestaciones de servicios de la informaci\u00f3n y Organismos con competencia en materia de consumo para atender las posibles reclamaciones de los usuarios.<\/li>\n\n\n\n<li>Igualmente, sus datos podr\u00e1n ser comunicados a otras Entidades que formen parte de CARLOS ESCARIO, las cuales comercializan y dan servicios en diversos sectores de actividad, con la finalidad de enviarle por cualquier medio, incluidos medios electr\u00f3nicos, informaci\u00f3n comercial y cualquier otra acci\u00f3n descrita en el p\u00e1rrafo anterior. El consentimiento para dichas comunicaciones habr\u00e1 sido recabado previamente, en los diferentes formularios, cuestionarios de la P\u00e1gina web y en aquellos documentos en los que se haya regulado las relaciones entre los usuarios, clientes y proveedores con los que CARLOS ESCARIO tenga alg\u00fan v\u00ednculo, mediante las correspondientes casillas de marcaci\u00f3n y las diferentes formas de solicitud del consentimiento expl\u00edcito.<\/li>\n\n\n\n<li>Responsables de servicios de anal\u00edtica web: La P\u00e1gina web tiene habilitados los servicios de Google Analytics prestados por Google LLC. La interacci\u00f3n con los usuarios por el uso de dicha herramienta implica la transferencia internacional de datos, de tipo anal\u00edtico y t\u00e9cnico en relaci\u00f3n con la P\u00e1gina web.<\/li>\n<\/ul>\n\n\n\n<h2 class=\"wp-block-heading\">Derechos de los interesados<\/h2>\n\n\n\n<p>Los interesados pueden ejercitar sus derechos de acceso, rectificaci\u00f3n, supresi\u00f3n, portabilidad y la limitaci\u00f3n u oposici\u00f3n dirigi\u00e9ndose por escrito a CARLOS ESCARIO., con direcci\u00f3n en Gerifalte 8, 28232 Las Rozas, Madrid (Espa\u00f1a), o mediante el env\u00edo de un correo electr\u00f3nico a la siguiente direcci\u00f3n: carlos@carlosescario.com, aportando copia de DNI u otro documento identificativo.<\/p>\n\n\n\n<p>Los interesados tienen derecho a retirar el consentimiento prestado.<\/p>\n\n\n\n<p>Los interesados tienen derecho a reclamar ante la Autoridad de Control (Agencia Espa\u00f1ola de Protecci\u00f3n de Datos www.agpd.es).<\/p>\n\n\n\n<p>El usuario ser\u00e1 el \u00fanico responsable de la veracidad de los datos facilitados a CARLOS ESCARIO.<\/p>\n\n\n\n<p>CARLOS ESCARIO adopta las medidas de \u00edndole t\u00e9cnica y organizativa necesarias para garantizar la seguridad de los datos de car\u00e1cter personal contenidos en los mismos y para evitar su alteraci\u00f3n, p\u00e9rdida, tratamiento o acceso no autorizado, habida cuenta del estado de la tecnolog\u00eda, la naturaleza de los datos y los riesgos a los que est\u00e1n expuestos.<\/p>\n\n\n\n<p>Por \u00faltimo, tambi\u00e9n puede verificar la presencia del certificado SSL comprobando las propiedades de la P\u00e1gina web en su navegador, para lo cual deber\u00e1 consultar las caracter\u00edsticas del mismo en el apartado Aviso Legal.<\/p>\n\n\n\n<p>Cualquier cambio realizado en la Pol\u00edtica de Privacidad y en las pr\u00e1cticas de administraci\u00f3n de la informaci\u00f3n se reflejar\u00e1 de forma oportuna, pudiendo CARLOS ESCARIO agregar, modificar o eliminar dicha pol\u00edtica de privacidad cuando lo estime necesario.<\/p>\n\n\n\n<p>En ning\u00fan caso CARLOS ESCARIO modificar\u00e1 las pol\u00edticas ni pr\u00e1cticas para hacerlas menos eficaces en la protecci\u00f3n de los datos personales de nuestros clientes almacenados anteriormente, sin el consentimiento previo de los clientes afectados.<\/p>\n\n\n\n<p>\u00daltima actualizaci\u00f3n: 10 de octubre de 2022.<\/p>\n","protected":false},"excerpt":{"rendered":"<p>CARLOS ESCARIO, conforme a la Ley Org\u00e1nica 3\/2018, de 5 [&hellip;]<\/p>\n","protected":false},"author":1,"featured_media":0,"parent":0,"menu_order":8,"comment_status":"closed","ping_status":"closed","template":"","meta":{"_acf_changed":false,"footnotes":""},"class_list":["post-3","page","type-page","status-publish","hentry"],"acf":[],"yoast_head":"<!-- This site is optimized with the Yoast SEO plugin v23.6 - https:\/\/yoast.com\/wordpress\/plugins\/seo\/ -->\n<title>Pol\u00edtica de privacidad - Carlos Escario<\/title>\n<meta name=\"robots\" content=\"index, follow, max-snippet:-1, max-image-preview:large, max-video-preview:-1\" \/>\n<link rel=\"canonical\" href=\"https:\/\/www.carlosescario.com\/es\/politica-privacidad\/\" \/>\n<meta property=\"og:locale\" content=\"es_ES\" \/>\n<meta property=\"og:type\" content=\"article\" \/>\n<meta property=\"og:title\" content=\"Pol\u00edtica de privacidad - Carlos Escario\" \/>\n<meta property=\"og:description\" content=\"CARLOS ESCARIO, conforme a la Ley Org\u00e1nica 3\/2018, de 5 [&hellip;]\" \/>\n<meta property=\"og:url\" content=\"https:\/\/www.carlosescario.com\/es\/politica-privacidad\/\" \/>\n<meta property=\"og:site_name\" content=\"Carlos Escario\" \/>\n<meta name=\"twitter:card\" content=\"summary_large_image\" \/>\n<meta name=\"twitter:label1\" content=\"Tiempo de lectura\" \/>\n\t<meta name=\"twitter:data1\" content=\"9 minutos\" \/>\n<script type=\"application\/ld+json\" class=\"yoast-schema-graph\">{\"@context\":\"https:\/\/schema.org\",\"@graph\":[{\"@type\":\"WebPage\",\"@id\":\"https:\/\/www.carlosescario.com\/es\/politica-privacidad\/\",\"url\":\"https:\/\/www.carlosescario.com\/es\/politica-privacidad\/\",\"name\":\"Pol\u00edtica de privacidad - Carlos Escario\",\"isPartOf\":{\"@id\":\"https:\/\/www.carlosescario.com\/es\/#website\"},\"inLanguage\":\"es\",\"potentialAction\":[{\"@type\":\"ReadAction\",\"target\":[\"https:\/\/www.carlosescario.com\/es\/politica-privacidad\/\"]}]},{\"@type\":\"WebSite\",\"@id\":\"https:\/\/www.carlosescario.com\/es\/#website\",\"url\":\"https:\/\/www.carlosescario.com\/es\/\",\"name\":\"Carlos Escario\",\"description\":\"Real business\",\"publisher\":{\"@id\":\"https:\/\/www.carlosescario.com\/es\/#organization\"},\"potentialAction\":[{\"@type\":\"SearchAction\",\"target\":{\"@type\":\"EntryPoint\",\"urlTemplate\":\"https:\/\/www.carlosescario.com\/es\/?s={search_term_string}\"},\"query-input\":{\"@type\":\"PropertyValueSpecification\",\"valueRequired\":true,\"valueName\":\"search_term_string\"}}],\"inLanguage\":\"es\"},{\"@type\":\"Organization\",\"@id\":\"https:\/\/www.carlosescario.com\/es\/#organization\",\"name\":\"Carlos Escario\",\"url\":\"https:\/\/www.carlosescario.com\/es\/\",\"logo\":{\"@type\":\"ImageObject\",\"inLanguage\":\"es\",\"@id\":\"https:\/\/www.carlosescario.com\/es\/#\/schema\/logo\/image\/\",\"url\":\"https:\/\/www.carlosescario.com\/wp-content\/uploads\/2024\/10\/carlos-escario-noticia.jpg\",\"contentUrl\":\"https:\/\/www.carlosescario.com\/wp-content\/uploads\/2024\/10\/carlos-escario-noticia.jpg\",\"width\":730,\"height\":485,\"caption\":\"Carlos Escario\"},\"image\":{\"@id\":\"https:\/\/www.carlosescario.com\/es\/#\/schema\/logo\/image\/\"},\"sameAs\":[\"https:\/\/www.linkedin.com\/in\/carlosescario\/\",\"https:\/\/www.instagram.com\/carlosescario\/\"]}]}<\/script>\n<!-- \/ Yoast SEO plugin. -->","yoast_head_json":{"title":"Pol\u00edtica de privacidad - Carlos Escario","robots":{"index":"index","follow":"follow","max-snippet":"max-snippet:-1","max-image-preview":"max-image-preview:large","max-video-preview":"max-video-preview:-1"},"canonical":"https:\/\/www.carlosescario.com\/es\/politica-privacidad\/","og_locale":"es_ES","og_type":"article","og_title":"Pol\u00edtica de privacidad - Carlos Escario","og_description":"CARLOS ESCARIO, conforme a la Ley Org\u00e1nica 3\/2018, de 5 [&hellip;]","og_url":"https:\/\/www.carlosescario.com\/es\/politica-privacidad\/","og_site_name":"Carlos Escario","twitter_card":"summary_large_image","twitter_misc":{"Tiempo de lectura":"9 minutos"},"schema":{"@context":"https:\/\/schema.org","@graph":[{"@type":"WebPage","@id":"https:\/\/www.carlosescario.com\/es\/politica-privacidad\/","url":"https:\/\/www.carlosescario.com\/es\/politica-privacidad\/","name":"Pol\u00edtica de privacidad - Carlos Escario","isPartOf":{"@id":"https:\/\/www.carlosescario.com\/es\/#website"},"inLanguage":"es","potentialAction":[{"@type":"ReadAction","target":["https:\/\/www.carlosescario.com\/es\/politica-privacidad\/"]}]},{"@type":"WebSite","@id":"https:\/\/www.carlosescario.com\/es\/#website","url":"https:\/\/www.carlosescario.com\/es\/","name":"Carlos Escario","description":"Real business","publisher":{"@id":"https:\/\/www.carlosescario.com\/es\/#organization"},"potentialAction":[{"@type":"SearchAction","target":{"@type":"EntryPoint","urlTemplate":"https:\/\/www.carlosescario.com\/es\/?s={search_term_string}"},"query-input":{"@type":"PropertyValueSpecification","valueRequired":true,"valueName":"search_term_string"}}],"inLanguage":"es"},{"@type":"Organization","@id":"https:\/\/www.carlosescario.com\/es\/#organization","name":"Carlos Escario","url":"https:\/\/www.carlosescario.com\/es\/","logo":{"@type":"ImageObject","inLanguage":"es","@id":"https:\/\/www.carlosescario.com\/es\/#\/schema\/logo\/image\/","url":"https:\/\/www.carlosescario.com\/wp-content\/uploads\/2024\/10\/carlos-escario-noticia.jpg","contentUrl":"https:\/\/www.carlosescario.com\/wp-content\/uploads\/2024\/10\/carlos-escario-noticia.jpg","width":730,"height":485,"caption":"Carlos Escario"},"image":{"@id":"https:\/\/www.carlosescario.com\/es\/#\/schema\/logo\/image\/"},"sameAs":["https:\/\/www.linkedin.com\/in\/carlosescario\/","https:\/\/www.instagram.com\/carlosescario\/"]}]}},"_links":{"self":[{"href":"https:\/\/www.carlosescario.com\/es\/wp-json\/wp\/v2\/pages\/3","targetHints":{"allow":["GET"]}}],"collection":[{"href":"https:\/\/www.carlosescario.com\/es\/wp-json\/wp\/v2\/pages"}],"about":[{"href":"https:\/\/www.carlosescario.com\/es\/wp-json\/wp\/v2\/types\/page"}],"author":[{"embeddable":true,"href":"https:\/\/www.carlosescario.com\/es\/wp-json\/wp\/v2\/users\/1"}],"replies":[{"embeddable":true,"href":"https:\/\/www.carlosescario.com\/es\/wp-json\/wp\/v2\/comments?post=3"}],"version-history":[{"count":3,"href":"https:\/\/www.carlosescario.com\/es\/wp-json\/wp\/v2\/pages\/3\/revisions"}],"predecessor-version":[{"id":698,"href":"https:\/\/www.carlosescario.com\/es\/wp-json\/wp\/v2\/pages\/3\/revisions\/698"}],"wp:attachment":[{"href":"https:\/\/www.carlosescario.com\/es\/wp-json\/wp\/v2\/media?parent=3"}],"curies":[{"name":"wp","href":"https:\/\/api.w.org\/{rel}","templated":true}]}}