{"id":29,"date":"2024-09-03T18:22:53","date_gmt":"2024-09-03T16:22:53","guid":{"rendered":"https:\/\/www.carlosescario.com\/\/?page_id=29"},"modified":"2024-09-26T16:12:00","modified_gmt":"2024-09-26T14:12:00","slug":"cookies","status":"publish","type":"page","link":"https:\/\/www.carlosescario.com\/es\/cookies\/","title":{"rendered":"Cookies"},"content":{"rendered":"\n<p>El dominio www.carlosescario.com utiliza procedimientos autom\u00e1ticos de recogida (Cookies) para reunir informaci\u00f3n personal como puede ser el tipo de navegador o sistema operativo, p\u00e1gina de referencia, ruta, dominio ISP (Proveedor de Internet), etc. todo ello con el fin de mejorar los servicios prestados. Las Cookies nos ayudan a adaptar esta p\u00e1gina web a sus necesidades personales.Una \u00abCookie\u00bb es un peque\u00f1o archivo que se almacena en el ordenador del usuario y nos permite reconocerle. El conjunto de \u00abcookies\u00bb nos ayuda a mejorar la calidad de nuestra web, permiti\u00e9ndonos as\u00ed personalizar hasta cierto punto la navegaci\u00f3n de cada usuario por nuestra web. Las cookies actualmente son esenciales para el funcionamiento de internet, aportando innumerables ventajas en la prestaci\u00f3n de servicios interactivos, facilit\u00e1ndole la navegaci\u00f3n y usabilidad de nuestra web.<\/p>\n\n\n\n<p>Tenga en cuenta que las cookies no pueden da\u00f1ar su equipo y que, a cambio, el que est\u00e9n activadas nos ayudan a identificar y resolver los errores y mejorar la navegabilidad de nuestro sitio.<\/p>\n\n\n\n<h2 class=\"wp-block-heading\">Tipolog\u00eda de cookies<\/h2>\n\n\n\n<p>Para una mayor informaci\u00f3n del usuario sobre la tipolog\u00eda y uso de las cookies le informamos que:<\/p>\n\n\n\n<ul class=\"wp-block-list\">\n<li>Desde el punto de vista <strong>de \u2018tiempo de vida\u2019 de la cookie<\/strong> (tiempo que la cookie permanece activa en nuestro equipo) podemos diferenciar las cookies entre:\n<ul class=\"wp-block-list\">\n<li><strong>Cookies de sesi\u00f3n:<\/strong> son cookies temporales que permanecen en el archivo de cookies de su navegador hasta que abandone la p\u00e1gina web, por lo que ninguna queda registrada en el disco duro del usuario. La informaci\u00f3n obtenida por medio de estas cookies, sirven para analizar pautas de tr\u00e1fico en la web. A la larga, esto nos permite proporcionar una mejor experiencia para mejorar el contenido y facilitando su uso.<\/li>\n\n\n\n<li><strong>Cookies persistentes:<\/strong> son almacenadas en el disco duro y nuestra web las lee cada vez que usted realiza una nueva visita. Una cookie permanente posee una fecha de expiraci\u00f3n determinada. La cookie dejar\u00e1 de funcionar despu\u00e9s de esa fecha. Las utilizamos, generalmente, para facilitar la experiencia del usuario recordando sus h\u00e1bitos de navegaci\u00f3n o, en su caso, facilitar los servicios de compra y\/o registro.<\/li>\n<\/ul>\n<\/li>\n\n\n\n<li>Desde el punto de vista <strong>de la finalidad de cada cookie<\/strong>, podemos diferenciar entre:\n<ul class=\"wp-block-list\">\n<li><strong>Cookies T\u00e9cnicas:<\/strong> son aquellas que permiten al usuario la navegaci\u00f3n a trav\u00e9s de una p\u00e1gina web, plataforma o aplicaci\u00f3n y la utilizaci\u00f3n de las diferentes opciones o servicios que en ella existan, incluyendo aquellas que el editor utiliza para permitir la gesti\u00f3n y operativa de la p\u00e1gina web y habilitar sus funciones y servicios. <strong>Las cookies t\u00e9cnicas, siempre que correspondan a alguno de los siguientes perfiles, estar\u00e1n exceptuadas del cumplimiento de las obligaciones establecidas en el art\u00edculo 22.2 de la LSSI*<\/strong> (es decir, obtenci\u00f3n de consentimiento para su instalaci\u00f3n y uso mediante la existencia de banner de aviso, pol\u00edtica de cookies):\n<ul class=\"wp-block-list\">\n<li>Cookies de \u201centrada del usuario\u201d<\/li>\n\n\n\n<li>Cookies de autenticaci\u00f3n o identificaci\u00f3n de usuario (\u00fanicamente de sesi\u00f3n)<\/li>\n\n\n\n<li>Cookies de seguridad del usuario<\/li>\n\n\n\n<li>Cookies de sesi\u00f3n de reproductor multimedia<\/li>\n\n\n\n<li>Cookies de sesi\u00f3n para equilibrar la carga<\/li>\n\n\n\n<li>Cookies de personalizaci\u00f3n de la interfaz de usuario<\/li>\n\n\n\n<li>Cookies de complemento (plug-in) para intercambiar contenidos sociales<\/li>\n\n\n\n<li>seg\u00fan el Grupo de Trabajo de Expertos de la UE, en el Art\u00edculo 29 de su Dictamen 4\/2012<\/li>\n<\/ul>\n<\/li>\n\n\n\n<li><strong>Cookies de preferencias o personalizaci\u00f3n:<\/strong> son aquellas que permiten recordar informaci\u00f3n para que el usuario acceda al servicio con determinadas caracter\u00edsticas que pueden diferenciar su experiencia de la de otros usuarios, como, por ejemplo, el idioma, el n\u00famero de resultados a mostrar cuando el usuario realiza una b\u00fasqueda, el aspecto o contenido del servicio en funci\u00f3n del tipo de navegador a trav\u00e9s del cual el usuario accede al servicio o de la regi\u00f3n desde la que accede al servicio, etc. Si es el propio usuario quien elige esas caracter\u00edsticas (por ejemplo, si selecciona el idioma de un sitio web clicando en el icono de la bandera del pa\u00eds correspondiente), las cookies estar\u00e1n exceptuadas de las obligaciones del art\u00edculo 22.2 de la LSSI por considerarse un servicio expresamente solicitado por el usuario, y ello siempre y cuando las cookies obedezcan exclusivamente a la finalidad seleccionada.<\/li>\n\n\n\n<li><strong>Cookies de an\u00e1lisis o medici\u00f3n:<\/strong> son aquellas que permiten al responsable de estas el seguimiento y an\u00e1lisis del comportamiento de los usuarios de los sitios web a los que est\u00e1n vinculadas, incluida la cuantificaci\u00f3n de los impactos de los anuncios. La informaci\u00f3n recogida mediante este tipo de cookies se utiliza en la medici\u00f3n de la actividad de los sitios web, aplicaci\u00f3n o plataforma, con el fin de introducir mejoras en funci\u00f3n del an\u00e1lisis de los datos de uso que hacen los usuarios del servicio.<\/li>\n\n\n\n<li><strong>Cookies de publicidad comportamental:<\/strong> son aquellas que almacenan informaci\u00f3n del comportamiento de los usuarios obtenida a trav\u00e9s de la observaci\u00f3n continuada de sus h\u00e1bitos de navegaci\u00f3n, lo que permite desarrollar un perfil espec\u00edfico para mostrar publicidad en funci\u00f3n de este.<\/li>\n<\/ul>\n<\/li>\n\n\n\n<li>Por \u00faltimo, desde el punto de vista <strong>de la entidad que gestiona las cookies<\/strong>, podemos diferenciar entre:\n<ul class=\"wp-block-list\">\n<li><strong>Cookies propias:<\/strong> son aquellas que se env\u00edan al equipo terminal del usuario desde un equipo o dominio gestionado por el propio editor y desde el que se presta el servicio solicitado por el usuario.<\/li>\n\n\n\n<li><strong>Cookies de tercero:<\/strong> son aquellas que se env\u00edan al equipo terminal del usuario desde un equipo o dominio que no es gestionado por el editor, sino por otra entidad que trata los datos obtenidos trav\u00e9s de las cookies.<\/li>\n<\/ul>\n<\/li>\n<\/ul>\n\n\n\n<p>CARLOS ESCARIO, guarda toda la informaci\u00f3n recogida a trav\u00e9s de las Cookies en un formato no personalizado (direcci\u00f3n de IP). Este tipo de informaci\u00f3n obtenida a trav\u00e9s de las Cookies no ser\u00e1 revelado fuera de CARLOS ESCARIO, salvo en aquellos casos indicados en el apartado \u2018Relaci\u00f3n y descripci\u00f3n de cookies\u2019, ni utilizada para comunicaciones no solicitadas.<\/p>\n\n\n\n<h2 class=\"wp-block-heading\">Privacidad adecuada &#8211; gesti\u00f3n de cookies<\/h2>\n\n\n\n<p>El usuario puede configurar en cualquier momento los permisos sobre las cookies empleadas en nuestra web mediante su acceso en el panel de configuraci\u00f3n de cookies.<\/p>\n\n\n\n<p>Pulsa en el bot\u00f3n de \u00abAjustes\u00bb para acceder al panel de configuraci\u00f3n de cookies de www.carlosescario.com:<\/p>\n\n\n\n<p class=\"has-text-align-center\">AJUSTES<\/p>\n\n\n\n<p>En caso de que el usuario lo quisiera, el registro de las cookies podr\u00e1 estar sujeto a su aceptaci\u00f3n durante la instalaci\u00f3n o puesta al d\u00eda del navegador usado. El usuario puede en todo momento revocar su aceptaci\u00f3n mediante las opciones de configuraci\u00f3n de contenidos y privacidad disponibles en cada navegador. No obstante, en caso de que el usuario no permita la instalaci\u00f3n de cookies en su navegador es posible que no pueda acceder a alguna de las secciones de nuestro sitio web.<\/p>\n\n\n\n<p>Para m\u00e1s informaci\u00f3n sobre la configuraci\u00f3n apropiada de las cookies y las opciones de activaci\u00f3n, restricci\u00f3n y\/o inhabilitaci\u00f3n se debe acudir en la secci\u00f3n de ayuda de su navegador para conocer m\u00e1s:<\/p>\n\n\n\n<ul class=\"wp-block-list\">\n<li>M\u00e1s informaci\u00f3n sobre como bloquear el uso de las cookies en Google Chrome<\/li>\n\n\n\n<li>M\u00e1s informaci\u00f3n sobre como bloquear el uso de las cookies en Firefox<\/li>\n\n\n\n<li>M\u00e1s informaci\u00f3n sobre como bloquear el uso de las cookies en Internet Explorer<\/li>\n\n\n\n<li>M\u00e1s informaci\u00f3n sobre como bloquear el uso de las cookies en Microsoft Edge<\/li>\n\n\n\n<li>M\u00e1s informaci\u00f3n sobre como bloquear el uso de las cookies en Safari en el Mac<\/li>\n\n\n\n<li>M\u00e1s informaci\u00f3n sobre como bloquear el uso de las cookies en Safari: en el iPhone, iPad o iPod touch<\/li>\n<\/ul>\n\n\n\n<p>Muchos navegadores permiten activar un modo privado mediante el cual las cookies se borran siempre despu\u00e9s de su visita. Dependiendo de cada navegador este modo privado, puede tener diferentes nombres. A continuaci\u00f3n, encontrar\u00e1 una lista de los navegadores m\u00e1s comunes y los diferentes nombres de este \u201cmodo privado\u201d:<\/p>\n\n\n\n<ul class=\"wp-block-list\">\n<li>Internet Explorer 8 y superior; InPrivate<\/li>\n\n\n\n<li>Safari 2 y superior; Navegaci\u00f3n Privada<\/li>\n\n\n\n<li>Opera 10.5 y superior; Navegaci\u00f3n Privada<\/li>\n\n\n\n<li>Fire Fox 3.5 y superior; Navegaci\u00f3n Privada<\/li>\n\n\n\n<li>Google Chrome 10 y superior; Inc\u00f3gnito<\/li>\n<\/ul>\n\n\n\n<h2 class=\"wp-block-heading\">Relaci\u00f3n y descripci\u00f3n de cookies<\/h2>\n\n\n\n<p>La tabla que publicamos a continuaci\u00f3n recoge de forma esquematizada las cookies anteriormente descritas y utilizadas en el sitio web www.carlosescario.com:<\/p>\n\n\n\n<figure class=\"wp-block-table\"><table class=\"has-fixed-layout\"><tbody><tr><td>Nombre<\/td><td>Propiedad<\/td><td>Duraci\u00f3n<\/td><td>Finalidad<\/td><\/tr><tr><td>_ga<\/td><td>Terceros<\/td><td>2 a\u00f1os<\/td><td>An\u00e1lisis<\/td><\/tr><tr><td>_ga_XXXXXXXXXX<\/td><td>Terceros<\/td><td>Sesi\u00f3n<\/td><td>An\u00e1lisis<\/td><\/tr><tr><td>moove_gdpr_popup<\/td><td>Propia<\/td><td>24 horas<\/td><td>Preferencias<\/td><\/tr><\/tbody><\/table><\/figure>\n\n\n\n<p>Para conocer m\u00e1s sobre las cookies de Google Analytics puede visitar la siguiente p\u00e1gina: https:\/\/policies.google.com\/technologies\/cookies?hl=es. Puede desactivar las cookies de Google Analytics a trav\u00e9s del siguiente enlace: https:\/\/tools.google.com\/dlpage\/gaoptout.<\/p>\n\n\n\n<p>Para m\u00e1s informaci\u00f3n sobre cookies y sus derechos como usuario puede consultar la Gu\u00eda sobre el uso de cookies elaborada por la Agencia Espa\u00f1ola de Protecci\u00f3n de Datos con la colaboraci\u00f3n de las asociaciones ADIGITAL, Anunciantes, AUTOCONTROL e IAB Spain: https:\/\/www.aepd.es\/media\/guias\/guia-cookies.pdf<\/p>\n\n\n\n<p><strong>\u00daltima actualizaci\u00f3n:<\/strong> 10 de octubre de 2022.<\/p>\n\n\n\n<p><\/p>\n","protected":false},"excerpt":{"rendered":"<p>El dominio www.carlosescario.com utiliza procedimientos autom\u00e1ticos de recogida (Cookies) para [&hellip;]<\/p>\n","protected":false},"author":1,"featured_media":0,"parent":0,"menu_order":10,"comment_status":"closed","ping_status":"closed","template":"","meta":{"_acf_changed":false,"footnotes":""},"class_list":["post-29","page","type-page","status-publish","hentry"],"acf":[],"yoast_head":"<!-- This site is optimized with the Yoast SEO plugin v23.6 - https:\/\/yoast.com\/wordpress\/plugins\/seo\/ -->\n<title>Cookies - Carlos Escario<\/title>\n<meta name=\"robots\" content=\"index, follow, max-snippet:-1, max-image-preview:large, max-video-preview:-1\" \/>\n<link rel=\"canonical\" href=\"https:\/\/www.carlosescario.com\/es\/cookies\/\" \/>\n<meta property=\"og:locale\" content=\"es_ES\" \/>\n<meta property=\"og:type\" content=\"article\" \/>\n<meta property=\"og:title\" content=\"Cookies - Carlos Escario\" \/>\n<meta property=\"og:description\" content=\"El dominio www.carlosescario.com utiliza procedimientos autom\u00e1ticos de recogida (Cookies) para [&hellip;]\" \/>\n<meta property=\"og:url\" content=\"https:\/\/www.carlosescario.com\/es\/cookies\/\" \/>\n<meta property=\"og:site_name\" content=\"Carlos Escario\" \/>\n<meta name=\"twitter:card\" content=\"summary_large_image\" \/>\n<meta name=\"twitter:label1\" content=\"Tiempo de lectura\" \/>\n\t<meta name=\"twitter:data1\" content=\"8 minutos\" \/>\n<script type=\"application\/ld+json\" class=\"yoast-schema-graph\">{\"@context\":\"https:\/\/schema.org\",\"@graph\":[{\"@type\":\"WebPage\",\"@id\":\"https:\/\/www.carlosescario.com\/es\/cookies\/\",\"url\":\"https:\/\/www.carlosescario.com\/es\/cookies\/\",\"name\":\"Cookies - Carlos Escario\",\"isPartOf\":{\"@id\":\"https:\/\/www.carlosescario.com\/es\/#website\"},\"inLanguage\":\"es\",\"potentialAction\":[{\"@type\":\"ReadAction\",\"target\":[\"https:\/\/www.carlosescario.com\/es\/cookies\/\"]}]},{\"@type\":\"WebSite\",\"@id\":\"https:\/\/www.carlosescario.com\/es\/#website\",\"url\":\"https:\/\/www.carlosescario.com\/es\/\",\"name\":\"Carlos Escario\",\"description\":\"Real business\",\"publisher\":{\"@id\":\"https:\/\/www.carlosescario.com\/es\/#organization\"},\"potentialAction\":[{\"@type\":\"SearchAction\",\"target\":{\"@type\":\"EntryPoint\",\"urlTemplate\":\"https:\/\/www.carlosescario.com\/es\/?s={search_term_string}\"},\"query-input\":{\"@type\":\"PropertyValueSpecification\",\"valueRequired\":true,\"valueName\":\"search_term_string\"}}],\"inLanguage\":\"es\"},{\"@type\":\"Organization\",\"@id\":\"https:\/\/www.carlosescario.com\/es\/#organization\",\"name\":\"Carlos Escario\",\"url\":\"https:\/\/www.carlosescario.com\/es\/\",\"logo\":{\"@type\":\"ImageObject\",\"inLanguage\":\"es\",\"@id\":\"https:\/\/www.carlosescario.com\/es\/#\/schema\/logo\/image\/\",\"url\":\"https:\/\/www.carlosescario.com\/wp-content\/uploads\/2024\/10\/carlos-escario-noticia.jpg\",\"contentUrl\":\"https:\/\/www.carlosescario.com\/wp-content\/uploads\/2024\/10\/carlos-escario-noticia.jpg\",\"width\":730,\"height\":485,\"caption\":\"Carlos Escario\"},\"image\":{\"@id\":\"https:\/\/www.carlosescario.com\/es\/#\/schema\/logo\/image\/\"},\"sameAs\":[\"https:\/\/www.linkedin.com\/in\/carlosescario\/\",\"https:\/\/www.instagram.com\/carlosescario\/\"]}]}<\/script>\n<!-- \/ Yoast SEO plugin. -->","yoast_head_json":{"title":"Cookies - Carlos Escario","robots":{"index":"index","follow":"follow","max-snippet":"max-snippet:-1","max-image-preview":"max-image-preview:large","max-video-preview":"max-video-preview:-1"},"canonical":"https:\/\/www.carlosescario.com\/es\/cookies\/","og_locale":"es_ES","og_type":"article","og_title":"Cookies - Carlos Escario","og_description":"El dominio www.carlosescario.com utiliza procedimientos autom\u00e1ticos de recogida (Cookies) para [&hellip;]","og_url":"https:\/\/www.carlosescario.com\/es\/cookies\/","og_site_name":"Carlos Escario","twitter_card":"summary_large_image","twitter_misc":{"Tiempo de lectura":"8 minutos"},"schema":{"@context":"https:\/\/schema.org","@graph":[{"@type":"WebPage","@id":"https:\/\/www.carlosescario.com\/es\/cookies\/","url":"https:\/\/www.carlosescario.com\/es\/cookies\/","name":"Cookies - Carlos Escario","isPartOf":{"@id":"https:\/\/www.carlosescario.com\/es\/#website"},"inLanguage":"es","potentialAction":[{"@type":"ReadAction","target":["https:\/\/www.carlosescario.com\/es\/cookies\/"]}]},{"@type":"WebSite","@id":"https:\/\/www.carlosescario.com\/es\/#website","url":"https:\/\/www.carlosescario.com\/es\/","name":"Carlos Escario","description":"Real business","publisher":{"@id":"https:\/\/www.carlosescario.com\/es\/#organization"},"potentialAction":[{"@type":"SearchAction","target":{"@type":"EntryPoint","urlTemplate":"https:\/\/www.carlosescario.com\/es\/?s={search_term_string}"},"query-input":{"@type":"PropertyValueSpecification","valueRequired":true,"valueName":"search_term_string"}}],"inLanguage":"es"},{"@type":"Organization","@id":"https:\/\/www.carlosescario.com\/es\/#organization","name":"Carlos Escario","url":"https:\/\/www.carlosescario.com\/es\/","logo":{"@type":"ImageObject","inLanguage":"es","@id":"https:\/\/www.carlosescario.com\/es\/#\/schema\/logo\/image\/","url":"https:\/\/www.carlosescario.com\/wp-content\/uploads\/2024\/10\/carlos-escario-noticia.jpg","contentUrl":"https:\/\/www.carlosescario.com\/wp-content\/uploads\/2024\/10\/carlos-escario-noticia.jpg","width":730,"height":485,"caption":"Carlos Escario"},"image":{"@id":"https:\/\/www.carlosescario.com\/es\/#\/schema\/logo\/image\/"},"sameAs":["https:\/\/www.linkedin.com\/in\/carlosescario\/","https:\/\/www.instagram.com\/carlosescario\/"]}]}},"_links":{"self":[{"href":"https:\/\/www.carlosescario.com\/es\/wp-json\/wp\/v2\/pages\/29","targetHints":{"allow":["GET"]}}],"collection":[{"href":"https:\/\/www.carlosescario.com\/es\/wp-json\/wp\/v2\/pages"}],"about":[{"href":"https:\/\/www.carlosescario.com\/es\/wp-json\/wp\/v2\/types\/page"}],"author":[{"embeddable":true,"href":"https:\/\/www.carlosescario.com\/es\/wp-json\/wp\/v2\/users\/1"}],"replies":[{"embeddable":true,"href":"https:\/\/www.carlosescario.com\/es\/wp-json\/wp\/v2\/comments?post=29"}],"version-history":[{"count":6,"href":"https:\/\/www.carlosescario.com\/es\/wp-json\/wp\/v2\/pages\/29\/revisions"}],"predecessor-version":[{"id":583,"href":"https:\/\/www.carlosescario.com\/es\/wp-json\/wp\/v2\/pages\/29\/revisions\/583"}],"wp:attachment":[{"href":"https:\/\/www.carlosescario.com\/es\/wp-json\/wp\/v2\/media?parent=29"}],"curies":[{"name":"wp","href":"https:\/\/api.w.org\/{rel}","templated":true}]}}