{"id":25,"date":"2024-09-03T18:21:21","date_gmt":"2024-09-03T16:21:21","guid":{"rendered":"https:\/\/www.carlosescario.com\/\/?page_id=25"},"modified":"2024-10-14T10:46:01","modified_gmt":"2024-10-14T08:46:01","slug":"aviso-legal","status":"publish","type":"page","link":"https:\/\/www.carlosescario.com\/es\/aviso-legal\/","title":{"rendered":"Aviso legal"},"content":{"rendered":"\n<h2 class=\"wp-block-heading\">Objeto de la web<\/h2>\n\n\n\n<p>El presente Aviso Legal recoge las condiciones de uso general de los servicios ofrecidos por CARLOS ESCARIO., en relaci\u00f3n a las personas que lo contratan (en adelante USUARIO).<\/p>\n\n\n\n<p>Esta p\u00e1gina web ha sido desarrollada con el objeto de ofrecer al USUARIO un sistema f\u00e1cil de utilizar y fiable de cara a la prestaci\u00f3n de los servicios que ofrece CARLOS ESCARIO.<\/p>\n\n\n\n<p>El propietario del dominio (www.carlosescario.com) y encargado de su dise\u00f1o, contenido, desarrollo inform\u00e1tico y mantenimiento t\u00e9cnico es CARLOS ESCARIO. domiciliado en Gerifalte 8, 28232 Las Rozas, Madrid (Espa\u00f1a) con CIF n\u00famero B84498336.<\/p>\n\n\n\n<h2 class=\"wp-block-heading\">Protecci\u00f3n de datos<\/h2>\n\n\n\n<p>De conformidad con lo establecido por la Ley Org\u00e1nica 3\/2018, de 5 de diciembre, de Protecci\u00f3n de Datos de Car\u00e1cter Personal y Garant\u00edas Digitales, el USUARIO consiente la inclusi\u00f3n de sus datos en un fichero del que es titular CARLOS ESCARIO., y que los mismos sean utilizados para mantener, desarrollar y controlar la relaci\u00f3n contractual. Asimismo, el USUARIO declara estar informado sobre los derechos de acceso, rectificaci\u00f3n, cancelaci\u00f3n, supresi\u00f3n, oposici\u00f3n, limitaci\u00f3n del tratamiento, portabilidad de datos y a no ser objeto de decisiones individualizadas, automatizadas, en relaci\u00f3n con los datos objeto del encargo, que podr\u00e1 ejercitar en el domicilio de CARLOS ESCARIO. en Gerifalte 8, 28232 Las Rozas, Madrid (Espa\u00f1a); o bien remitiendo un mensaje a la direcci\u00f3n de correo electr\u00f3nico carlos@carlosescario.com\u201d.<\/p>\n\n\n\n<h2 class=\"wp-block-heading\">Acceso y uso<\/h2>\n\n\n\n<p>Las personas que acceden a esta p\u00e1gina web adquieren la condici\u00f3n de USUARIOS comprometi\u00e9ndose a la observaci\u00f3n y cumplimiento riguroso de las disposiciones aqu\u00ed establecidas, as\u00ed como cualquier otra que legalmente fuera de aplicaci\u00f3n.<\/p>\n\n\n\n<p>Se pone de conocimiento de los USUARIOS que las condiciones generales del uso de esta p\u00e1gina web pueden ser modificadas sin notificaci\u00f3n previa.<\/p>\n\n\n\n<h2 class=\"wp-block-heading\">Contenidos<\/h2>\n\n\n\n<p>Los elementos existentes en esta p\u00e1gina web, tanto el dise\u00f1o, contenido, desarrollo inform\u00e1tico y mantenimiento t\u00e9cnico, se encuentran protegidos por la normativa de propiedad intelectual e industrial.<\/p>\n\n\n\n<p>Cualquier uso que suponga la reproducci\u00f3n total o parcial, distribuci\u00f3n, transformaci\u00f3n y comercializaci\u00f3n, no est\u00e1 permitido y requiere en todo caso de la autorizaci\u00f3n escrita previa por parte de CARLOS ESCARIO.<\/p>\n\n\n\n<h2 class=\"wp-block-heading\">Responsabilidad<\/h2>\n\n\n\n<p>Todos los enlaces que conduzcan a esta p\u00e1gina web, no podr\u00e1n mostrar de manera directa o indirecta, indicaciones falsas, inexactas o confusas. De igual forma CARLOS ESCARIO no se responsabiliza de que los enlaces externos se encuentren siempre operativos.<\/p>\n\n\n\n<p>\u00daltima actualizaci\u00f3n: 30 de noviembre de 2023.<\/p>\n","protected":false},"excerpt":{"rendered":"<p>Objeto de la web El presente Aviso Legal recoge las [&hellip;]<\/p>\n","protected":false},"author":1,"featured_media":0,"parent":0,"menu_order":9,"comment_status":"closed","ping_status":"closed","template":"","meta":{"_acf_changed":false,"footnotes":""},"class_list":["post-25","page","type-page","status-publish","hentry"],"acf":[],"yoast_head":"<!-- This site is optimized with the Yoast SEO plugin v23.6 - https:\/\/yoast.com\/wordpress\/plugins\/seo\/ -->\n<title>Aviso legal - Carlos Escario<\/title>\n<meta name=\"robots\" content=\"index, follow, max-snippet:-1, max-image-preview:large, max-video-preview:-1\" \/>\n<link rel=\"canonical\" href=\"https:\/\/www.carlosescario.com\/es\/aviso-legal\/\" \/>\n<meta property=\"og:locale\" content=\"es_ES\" \/>\n<meta property=\"og:type\" content=\"article\" \/>\n<meta property=\"og:title\" content=\"Aviso legal - Carlos Escario\" \/>\n<meta property=\"og:description\" content=\"Objeto de la web El presente Aviso Legal recoge las [&hellip;]\" \/>\n<meta property=\"og:url\" content=\"https:\/\/www.carlosescario.com\/es\/aviso-legal\/\" \/>\n<meta property=\"og:site_name\" content=\"Carlos Escario\" \/>\n<meta name=\"twitter:card\" content=\"summary_large_image\" \/>\n<meta name=\"twitter:label1\" content=\"Tiempo de lectura\" \/>\n\t<meta name=\"twitter:data1\" content=\"2 minutos\" \/>\n<script type=\"application\/ld+json\" class=\"yoast-schema-graph\">{\"@context\":\"https:\/\/schema.org\",\"@graph\":[{\"@type\":\"WebPage\",\"@id\":\"https:\/\/www.carlosescario.com\/es\/aviso-legal\/\",\"url\":\"https:\/\/www.carlosescario.com\/es\/aviso-legal\/\",\"name\":\"Aviso legal - Carlos Escario\",\"isPartOf\":{\"@id\":\"https:\/\/www.carlosescario.com\/es\/#website\"},\"inLanguage\":\"es\",\"potentialAction\":[{\"@type\":\"ReadAction\",\"target\":[\"https:\/\/www.carlosescario.com\/es\/aviso-legal\/\"]}]},{\"@type\":\"WebSite\",\"@id\":\"https:\/\/www.carlosescario.com\/es\/#website\",\"url\":\"https:\/\/www.carlosescario.com\/es\/\",\"name\":\"Carlos Escario\",\"description\":\"Real business\",\"publisher\":{\"@id\":\"https:\/\/www.carlosescario.com\/es\/#organization\"},\"potentialAction\":[{\"@type\":\"SearchAction\",\"target\":{\"@type\":\"EntryPoint\",\"urlTemplate\":\"https:\/\/www.carlosescario.com\/es\/?s={search_term_string}\"},\"query-input\":{\"@type\":\"PropertyValueSpecification\",\"valueRequired\":true,\"valueName\":\"search_term_string\"}}],\"inLanguage\":\"es\"},{\"@type\":\"Organization\",\"@id\":\"https:\/\/www.carlosescario.com\/es\/#organization\",\"name\":\"Carlos Escario\",\"url\":\"https:\/\/www.carlosescario.com\/es\/\",\"logo\":{\"@type\":\"ImageObject\",\"inLanguage\":\"es\",\"@id\":\"https:\/\/www.carlosescario.com\/es\/#\/schema\/logo\/image\/\",\"url\":\"https:\/\/www.carlosescario.com\/wp-content\/uploads\/2024\/10\/carlos-escario-noticia.jpg\",\"contentUrl\":\"https:\/\/www.carlosescario.com\/wp-content\/uploads\/2024\/10\/carlos-escario-noticia.jpg\",\"width\":730,\"height\":485,\"caption\":\"Carlos Escario\"},\"image\":{\"@id\":\"https:\/\/www.carlosescario.com\/es\/#\/schema\/logo\/image\/\"},\"sameAs\":[\"https:\/\/www.linkedin.com\/in\/carlosescario\/\",\"https:\/\/www.instagram.com\/carlosescario\/\"]}]}<\/script>\n<!-- \/ Yoast SEO plugin. -->","yoast_head_json":{"title":"Aviso legal - Carlos Escario","robots":{"index":"index","follow":"follow","max-snippet":"max-snippet:-1","max-image-preview":"max-image-preview:large","max-video-preview":"max-video-preview:-1"},"canonical":"https:\/\/www.carlosescario.com\/es\/aviso-legal\/","og_locale":"es_ES","og_type":"article","og_title":"Aviso legal - Carlos Escario","og_description":"Objeto de la web El presente Aviso Legal recoge las [&hellip;]","og_url":"https:\/\/www.carlosescario.com\/es\/aviso-legal\/","og_site_name":"Carlos Escario","twitter_card":"summary_large_image","twitter_misc":{"Tiempo de lectura":"2 minutos"},"schema":{"@context":"https:\/\/schema.org","@graph":[{"@type":"WebPage","@id":"https:\/\/www.carlosescario.com\/es\/aviso-legal\/","url":"https:\/\/www.carlosescario.com\/es\/aviso-legal\/","name":"Aviso legal - Carlos Escario","isPartOf":{"@id":"https:\/\/www.carlosescario.com\/es\/#website"},"inLanguage":"es","potentialAction":[{"@type":"ReadAction","target":["https:\/\/www.carlosescario.com\/es\/aviso-legal\/"]}]},{"@type":"WebSite","@id":"https:\/\/www.carlosescario.com\/es\/#website","url":"https:\/\/www.carlosescario.com\/es\/","name":"Carlos Escario","description":"Real business","publisher":{"@id":"https:\/\/www.carlosescario.com\/es\/#organization"},"potentialAction":[{"@type":"SearchAction","target":{"@type":"EntryPoint","urlTemplate":"https:\/\/www.carlosescario.com\/es\/?s={search_term_string}"},"query-input":{"@type":"PropertyValueSpecification","valueRequired":true,"valueName":"search_term_string"}}],"inLanguage":"es"},{"@type":"Organization","@id":"https:\/\/www.carlosescario.com\/es\/#organization","name":"Carlos Escario","url":"https:\/\/www.carlosescario.com\/es\/","logo":{"@type":"ImageObject","inLanguage":"es","@id":"https:\/\/www.carlosescario.com\/es\/#\/schema\/logo\/image\/","url":"https:\/\/www.carlosescario.com\/wp-content\/uploads\/2024\/10\/carlos-escario-noticia.jpg","contentUrl":"https:\/\/www.carlosescario.com\/wp-content\/uploads\/2024\/10\/carlos-escario-noticia.jpg","width":730,"height":485,"caption":"Carlos Escario"},"image":{"@id":"https:\/\/www.carlosescario.com\/es\/#\/schema\/logo\/image\/"},"sameAs":["https:\/\/www.linkedin.com\/in\/carlosescario\/","https:\/\/www.instagram.com\/carlosescario\/"]}]}},"_links":{"self":[{"href":"https:\/\/www.carlosescario.com\/es\/wp-json\/wp\/v2\/pages\/25","targetHints":{"allow":["GET"]}}],"collection":[{"href":"https:\/\/www.carlosescario.com\/es\/wp-json\/wp\/v2\/pages"}],"about":[{"href":"https:\/\/www.carlosescario.com\/es\/wp-json\/wp\/v2\/types\/page"}],"author":[{"embeddable":true,"href":"https:\/\/www.carlosescario.com\/es\/wp-json\/wp\/v2\/users\/1"}],"replies":[{"embeddable":true,"href":"https:\/\/www.carlosescario.com\/es\/wp-json\/wp\/v2\/comments?post=25"}],"version-history":[{"count":5,"href":"https:\/\/www.carlosescario.com\/es\/wp-json\/wp\/v2\/pages\/25\/revisions"}],"predecessor-version":[{"id":699,"href":"https:\/\/www.carlosescario.com\/es\/wp-json\/wp\/v2\/pages\/25\/revisions\/699"}],"wp:attachment":[{"href":"https:\/\/www.carlosescario.com\/es\/wp-json\/wp\/v2\/media?parent=25"}],"curies":[{"name":"wp","href":"https:\/\/api.w.org\/{rel}","templated":true}]}}