{"id":18,"date":"2024-09-03T18:19:42","date_gmt":"2024-09-03T16:19:42","guid":{"rendered":"https:\/\/www.carlosescario.com\/\/?page_id=18"},"modified":"2024-10-17T12:04:21","modified_gmt":"2024-10-17T10:04:21","slug":"multimedia","status":"publish","type":"page","link":"https:\/\/www.carlosescario.com\/es\/multimedia\/","title":{"rendered":"Multimedia"},"content":{"rendered":"\n<p id=\"block-53d901de-2201-49d5-aa38-fe053671cc23\">En este apartado tienes acceso<br>directo a una selecci\u00f3n en v\u00eddeo<br>de algunas de mis conferencias<br>m\u00e1s relevantes.<\/p>\n","protected":false},"excerpt":{"rendered":"<p>En este apartado tienes accesodirecto a una selecci\u00f3n en v\u00eddeode [&hellip;]<\/p>\n","protected":false},"author":1,"featured_media":0,"parent":0,"menu_order":6,"comment_status":"closed","ping_status":"closed","template":"templates\/multimedia.php","meta":{"_acf_changed":false,"footnotes":""},"class_list":["post-18","page","type-page","status-publish","hentry"],"acf":[],"yoast_head":"<!-- This site is optimized with the Yoast SEO plugin v23.6 - https:\/\/yoast.com\/wordpress\/plugins\/seo\/ -->\n<title>Multimedia - Carlos Escario<\/title>\n<meta name=\"description\" content=\"Carlos Escario. Acceso directo a una selecci\u00f3n en v\u00eddeo de algunas de mis conferencias m\u00e1s relevantes.\" \/>\n<meta name=\"robots\" content=\"index, follow, max-snippet:-1, max-image-preview:large, max-video-preview:-1\" \/>\n<link rel=\"canonical\" href=\"https:\/\/www.carlosescario.com\/es\/multimedia\/\" \/>\n<meta property=\"og:locale\" content=\"es_ES\" \/>\n<meta property=\"og:type\" content=\"article\" \/>\n<meta property=\"og:title\" content=\"Multimedia - Carlos Escario\" \/>\n<meta property=\"og:description\" content=\"Carlos Escario. Acceso directo a una selecci\u00f3n en v\u00eddeo de algunas de mis conferencias m\u00e1s relevantes.\" \/>\n<meta property=\"og:url\" content=\"https:\/\/www.carlosescario.com\/es\/multimedia\/\" \/>\n<meta property=\"og:site_name\" content=\"Carlos Escario\" \/>\n<meta name=\"twitter:card\" content=\"summary_large_image\" \/>\n<meta name=\"twitter:label1\" content=\"Tiempo de lectura\" \/>\n\t<meta name=\"twitter:data1\" content=\"1 minuto\" \/>\n<script type=\"application\/ld+json\" class=\"yoast-schema-graph\">{\"@context\":\"https:\/\/schema.org\",\"@graph\":[{\"@type\":\"WebPage\",\"@id\":\"https:\/\/www.carlosescario.com\/es\/multimedia\/\",\"url\":\"https:\/\/www.carlosescario.com\/es\/multimedia\/\",\"name\":\"Multimedia - Carlos Escario\",\"isPartOf\":{\"@id\":\"https:\/\/www.carlosescario.com\/es\/#website\"},\"description\":\"Carlos Escario. Acceso directo a una selecci\u00f3n en v\u00eddeo de algunas de mis conferencias m\u00e1s relevantes.\",\"inLanguage\":\"es\",\"potentialAction\":[{\"@type\":\"ReadAction\",\"target\":[\"https:\/\/www.carlosescario.com\/es\/multimedia\/\"]}]},{\"@type\":\"WebSite\",\"@id\":\"https:\/\/www.carlosescario.com\/es\/#website\",\"url\":\"https:\/\/www.carlosescario.com\/es\/\",\"name\":\"Carlos Escario\",\"description\":\"Real business\",\"publisher\":{\"@id\":\"https:\/\/www.carlosescario.com\/es\/#organization\"},\"potentialAction\":[{\"@type\":\"SearchAction\",\"target\":{\"@type\":\"EntryPoint\",\"urlTemplate\":\"https:\/\/www.carlosescario.com\/es\/?s={search_term_string}\"},\"query-input\":{\"@type\":\"PropertyValueSpecification\",\"valueRequired\":true,\"valueName\":\"search_term_string\"}}],\"inLanguage\":\"es\"},{\"@type\":\"Organization\",\"@id\":\"https:\/\/www.carlosescario.com\/es\/#organization\",\"name\":\"Carlos Escario\",\"url\":\"https:\/\/www.carlosescario.com\/es\/\",\"logo\":{\"@type\":\"ImageObject\",\"inLanguage\":\"es\",\"@id\":\"https:\/\/www.carlosescario.com\/es\/#\/schema\/logo\/image\/\",\"url\":\"https:\/\/www.carlosescario.com\/wp-content\/uploads\/2024\/10\/carlos-escario-noticia.jpg\",\"contentUrl\":\"https:\/\/www.carlosescario.com\/wp-content\/uploads\/2024\/10\/carlos-escario-noticia.jpg\",\"width\":730,\"height\":485,\"caption\":\"Carlos Escario\"},\"image\":{\"@id\":\"https:\/\/www.carlosescario.com\/es\/#\/schema\/logo\/image\/\"},\"sameAs\":[\"https:\/\/www.linkedin.com\/in\/carlosescario\/\",\"https:\/\/www.instagram.com\/carlosescario\/\"]}]}<\/script>\n<!-- \/ Yoast SEO plugin. -->","yoast_head_json":{"title":"Multimedia - Carlos Escario","description":"Carlos Escario. Acceso directo a una selecci\u00f3n en v\u00eddeo de algunas de mis conferencias m\u00e1s relevantes.","robots":{"index":"index","follow":"follow","max-snippet":"max-snippet:-1","max-image-preview":"max-image-preview:large","max-video-preview":"max-video-preview:-1"},"canonical":"https:\/\/www.carlosescario.com\/es\/multimedia\/","og_locale":"es_ES","og_type":"article","og_title":"Multimedia - Carlos Escario","og_description":"Carlos Escario. Acceso directo a una selecci\u00f3n en v\u00eddeo de algunas de mis conferencias m\u00e1s relevantes.","og_url":"https:\/\/www.carlosescario.com\/es\/multimedia\/","og_site_name":"Carlos Escario","twitter_card":"summary_large_image","twitter_misc":{"Tiempo de lectura":"1 minuto"},"schema":{"@context":"https:\/\/schema.org","@graph":[{"@type":"WebPage","@id":"https:\/\/www.carlosescario.com\/es\/multimedia\/","url":"https:\/\/www.carlosescario.com\/es\/multimedia\/","name":"Multimedia - Carlos Escario","isPartOf":{"@id":"https:\/\/www.carlosescario.com\/es\/#website"},"description":"Carlos Escario. Acceso directo a una selecci\u00f3n en v\u00eddeo de algunas de mis conferencias m\u00e1s relevantes.","inLanguage":"es","potentialAction":[{"@type":"ReadAction","target":["https:\/\/www.carlosescario.com\/es\/multimedia\/"]}]},{"@type":"WebSite","@id":"https:\/\/www.carlosescario.com\/es\/#website","url":"https:\/\/www.carlosescario.com\/es\/","name":"Carlos Escario","description":"Real business","publisher":{"@id":"https:\/\/www.carlosescario.com\/es\/#organization"},"potentialAction":[{"@type":"SearchAction","target":{"@type":"EntryPoint","urlTemplate":"https:\/\/www.carlosescario.com\/es\/?s={search_term_string}"},"query-input":{"@type":"PropertyValueSpecification","valueRequired":true,"valueName":"search_term_string"}}],"inLanguage":"es"},{"@type":"Organization","@id":"https:\/\/www.carlosescario.com\/es\/#organization","name":"Carlos Escario","url":"https:\/\/www.carlosescario.com\/es\/","logo":{"@type":"ImageObject","inLanguage":"es","@id":"https:\/\/www.carlosescario.com\/es\/#\/schema\/logo\/image\/","url":"https:\/\/www.carlosescario.com\/wp-content\/uploads\/2024\/10\/carlos-escario-noticia.jpg","contentUrl":"https:\/\/www.carlosescario.com\/wp-content\/uploads\/2024\/10\/carlos-escario-noticia.jpg","width":730,"height":485,"caption":"Carlos Escario"},"image":{"@id":"https:\/\/www.carlosescario.com\/es\/#\/schema\/logo\/image\/"},"sameAs":["https:\/\/www.linkedin.com\/in\/carlosescario\/","https:\/\/www.instagram.com\/carlosescario\/"]}]}},"_links":{"self":[{"href":"https:\/\/www.carlosescario.com\/es\/wp-json\/wp\/v2\/pages\/18","targetHints":{"allow":["GET"]}}],"collection":[{"href":"https:\/\/www.carlosescario.com\/es\/wp-json\/wp\/v2\/pages"}],"about":[{"href":"https:\/\/www.carlosescario.com\/es\/wp-json\/wp\/v2\/types\/page"}],"author":[{"embeddable":true,"href":"https:\/\/www.carlosescario.com\/es\/wp-json\/wp\/v2\/users\/1"}],"replies":[{"embeddable":true,"href":"https:\/\/www.carlosescario.com\/es\/wp-json\/wp\/v2\/comments?post=18"}],"version-history":[{"count":2,"href":"https:\/\/www.carlosescario.com\/es\/wp-json\/wp\/v2\/pages\/18\/revisions"}],"predecessor-version":[{"id":198,"href":"https:\/\/www.carlosescario.com\/es\/wp-json\/wp\/v2\/pages\/18\/revisions\/198"}],"wp:attachment":[{"href":"https:\/\/www.carlosescario.com\/es\/wp-json\/wp\/v2\/media?parent=18"}],"curies":[{"name":"wp","href":"https:\/\/api.w.org\/{rel}","templated":true}]}}